{"id":7144,"date":"2019-05-05T18:31:31","date_gmt":"2019-05-05T16:31:37","guid":{"rendered":"http:\/\/3.127.24.41\/?post_type=product&#038;p=7144"},"modified":"2023-08-11T11:17:44","modified_gmt":"2023-08-11T09:17:44","slug":"parrot-dress","status":"publish","type":"product","link":"https:\/\/evokaii.com\/pl\/produkt\/parrot-dress\/","title":{"rendered":"Parrot Dress"},"content":{"rendered":"<h2>Tropikalna sukienka w papugi<\/h2>\n<p style=\"text-align: justify\">Obok tropikalnych akcent\u00f3w nie mo\u017cna przej\u015b\u0107 oboj\u0119tnie. Tropikalna sukienka w papugi to nieszablonowy projekt w wyrazistych kolorach, kt\u00f3ry doda atrakcyjno\u015bci ka\u017cdej kobiecie. Swobodny kr\u00f3j prezentuje si\u0119 idealnie, pasuje te\u017c do ka\u017cdej sylwetki. W niezwykle oryginalny spos\u00f3b zestawione zosta\u0142y ze sob\u0105 odcienie niebieskiego, \u017c\u00f3\u0142tego i soczystej czerwieni. Sukienka dost\u0119pna jest w rozmiarze S, M i L. Wysokogatunkowa bawe\u0142na z dodatkiem elastanu zapewnia wygod\u0119 u\u017cytkowania i zachowanie nasyconych kolor\u00f3w po wielu praniach.<\/p>\n<p style=\"text-align: justify\">Taki fason sukienki znakomicie pasuje kobietom w ka\u017cdym wieku. Jej zwiewny charakter gwarantuje dobre samopoczucie i komfort. Nietuzinkowa faktura zapewnia atrakcyjny wygl\u0105d, kt\u00f3ry ma przecie\u017c ogromne znaczenie z kobiecej perspektywy. Kr\u00f3tki r\u0119kaw, subtelnie &#8220;odci\u0119ty&#8221; i lekko poszerzany d\u00f3\u0142 wyj\u0105tkowo pasuj\u0105 do tego projektu &#8211; warto samemu si\u0119 o tym przekona\u0107.<\/p>\n<p style=\"text-align: justify\"><a href=\"https:\/\/evokaii.com\/pl\/kategoria-produktu\/sukienki\/\">Modne sukienki<\/a>\u00a0to niezast\u0105piony element damskiej garderoby, kt\u00f3ry oferuje ka\u017cdej kobiecie mn\u00f3stwo niepowtarzalnego uroku i wdzi\u0119ku.<\/p>\n","protected":false},"excerpt":{"rendered":"<p>\u2299 Wysokogatunkowa bawe\u0142na<br \/>\n\u2299 Lekka i zwiewna<br \/>\n\u2299 Wz\u00f3r w papugi<\/p>\n","protected":false},"featured_media":14653,"comment_status":"open","ping_status":"closed","template":"","meta":{"_acf_changed":false},"product_brand":[],"product_cat":[154],"product_tag":[2522,2525,2524,2511,2523,849,190,2510,2496,2521,854],"class_list":{"0":"post-7144","1":"product","2":"type-product","3":"status-publish","4":"has-post-thumbnail","6":"product_cat-sukienki","7":"product_tag-girls-who-surf-pl","8":"product_tag-kitesurf-shop-pl","9":"product_tag-kitesurf-streetwear-pl","10":"product_tag-kitesurf-wear-pl","11":"product_tag-kitesurf-wear-brands-pl","12":"product_tag-overprint-pl","13":"product_tag-sukienka","14":"product_tag-surf-apparel-pl","15":"product_tag-surf-wear-pl","16":"product_tag-surf-wear-brands-pl","17":"product_tag-tropical-pl","19":"first","20":"instock","21":"sale","22":"shipping-taxable","23":"purchasable","24":"product-type-variable","25":"has-default-attributes"},"acf":[],"_links":{"self":[{"href":"https:\/\/evokaii.com\/pl\/wp-json\/wp\/v2\/product\/7144","targetHints":{"allow":["GET"]}}],"collection":[{"href":"https:\/\/evokaii.com\/pl\/wp-json\/wp\/v2\/product"}],"about":[{"href":"https:\/\/evokaii.com\/pl\/wp-json\/wp\/v2\/types\/product"}],"replies":[{"embeddable":true,"href":"https:\/\/evokaii.com\/pl\/wp-json\/wp\/v2\/comments?post=7144"}],"wp:featuredmedia":[{"embeddable":true,"href":"https:\/\/evokaii.com\/pl\/wp-json\/wp\/v2\/media\/14653"}],"wp:attachment":[{"href":"https:\/\/evokaii.com\/pl\/wp-json\/wp\/v2\/media?parent=7144"}],"wp:term":[{"taxonomy":"product_brand","embeddable":true,"href":"https:\/\/evokaii.com\/pl\/wp-json\/wp\/v2\/product_brand?post=7144"},{"taxonomy":"product_cat","embeddable":true,"href":"https:\/\/evokaii.com\/pl\/wp-json\/wp\/v2\/product_cat?post=7144"},{"taxonomy":"product_tag","embeddable":true,"href":"https:\/\/evokaii.com\/pl\/wp-json\/wp\/v2\/product_tag?post=7144"}],"curies":[{"name":"wp","href":"https:\/\/api.w.org\/{rel}","templated":true}]}}