{"id":7158,"date":"2019-05-05T18:35:31","date_gmt":"2019-05-05T16:35:35","guid":{"rendered":"http:\/\/3.127.24.41\/?post_type=product&#038;p=7158"},"modified":"2020-03-23T20:04:53","modified_gmt":"2020-03-23T18:04:53","slug":"toucan-dress","status":"publish","type":"product","link":"https:\/\/evokaii.com\/pl\/produkt\/toucan-dress\/","title":{"rendered":"Toucan Dress"},"content":{"rendered":"<h3>Sukienka w tropikalne wzory &#8211; Toucan Dress<\/h3>\n<p style=\"text-align: justify;\"><span style=\"font-size: 10.5pt; font-family: 'Helvetica',sans-serif; color: #333333;\">Tropikalna sukienka na pewno b\u0119dzie doskona\u0142ym wyborem na wakacje. Na uwag\u0119 zas\u0142uguje ju\u017c sama jej kolorystyka. B\u0142\u0119kit jest bowiem bardzo dziewcz\u0119cy, a do tego dochodz\u0105 jeszcze tropikalne i niebanalne wzory, takie jak tukany oraz ananasy. Bardzo uniwersalny jest tak\u017ce sam jej kr\u00f3j. Model ten posiada kr\u00f3tkie r\u0119kawki, ma\u0142y, okr\u0105g\u0142y dekolt. Na dole znajduje si\u0119 delikatna falbanka, kt\u00f3ra pi\u0119knie podkre\u015bla biodra. Sukienka wykonana jest tak\u017ce z bawe\u0142ny najwy\u017cszej jako\u015bci, przez co jest mi\u0142a w dotyku i \u0142adnie si\u0119 uk\u0142ada. Dost\u0119pna jest w trzech rozmiarach- S, M oraz L.\u00a0<\/span><\/p>\n<p style=\"text-align: justify;\"><span style=\"font-size: 10.5pt; font-family: 'Helvetica',sans-serif; color: #333333;\">Sukienka w tukany b\u0119dzie doskona\u0142ym wyborem dla dziewczyny w ka\u017cdym wieku. Warto zabra\u0107 j\u0105 ze sob\u0105 na przyk\u0142ad na letni wyjazd. Jest niezobowi\u0105zuj\u0105ca, dzi\u0119ki czemu spokojnie mo\u017cna za\u0142o\u017cy\u0107 j\u0105, zar\u00f3wno na pla\u017c\u0119, jak i na lu\u017ane wyj\u015bcie do knajpy. Na pewno doskonale b\u0119dzie wygl\u0105da\u0107 tak\u017ce w towarzystwie letnich dodatk\u00f3w. Warto wybra\u0107 wi\u0119c obuwie oraz torebk\u0119 w pastelowych barwach, a do tego najlepiej delikatn\u0105 bi\u017cuteri\u0119, kt\u00f3ra podkre\u015bli jej pi\u0119kno.<\/span><\/p>\n","protected":false},"excerpt":{"rendered":"<p>\u2299 Tropikalny design<br \/>\n\u2299 Kr\u00f3tki r\u0119kaw<br \/>\n\u2299 Regulowana talia<br \/>\n\u2299 Fa\u0142dowana<\/p>\n","protected":false},"featured_media":7035,"comment_status":"open","ping_status":"closed","template":"","meta":{"_acf_changed":false},"product_brand":[],"product_cat":[154],"product_tag":[2522,2511,2523,849,190,2510,2496,2521,854],"class_list":{"0":"post-7158","1":"product","2":"type-product","3":"status-publish","4":"has-post-thumbnail","6":"product_cat-sukienki","7":"product_tag-girls-who-surf-pl","8":"product_tag-kitesurf-wear-pl","9":"product_tag-kitesurf-wear-brands-pl","10":"product_tag-overprint-pl","11":"product_tag-sukienka","12":"product_tag-surf-apparel-pl","13":"product_tag-surf-wear-pl","14":"product_tag-surf-wear-brands-pl","15":"product_tag-tropical-pl","17":"first","18":"outofstock","19":"sale","20":"shipping-taxable","21":"purchasable","22":"product-type-variable","23":"has-default-attributes"},"acf":[],"_links":{"self":[{"href":"https:\/\/evokaii.com\/pl\/wp-json\/wp\/v2\/product\/7158","targetHints":{"allow":["GET"]}}],"collection":[{"href":"https:\/\/evokaii.com\/pl\/wp-json\/wp\/v2\/product"}],"about":[{"href":"https:\/\/evokaii.com\/pl\/wp-json\/wp\/v2\/types\/product"}],"replies":[{"embeddable":true,"href":"https:\/\/evokaii.com\/pl\/wp-json\/wp\/v2\/comments?post=7158"}],"wp:featuredmedia":[{"embeddable":true,"href":"https:\/\/evokaii.com\/pl\/wp-json\/wp\/v2\/media\/7035"}],"wp:attachment":[{"href":"https:\/\/evokaii.com\/pl\/wp-json\/wp\/v2\/media?parent=7158"}],"wp:term":[{"taxonomy":"product_brand","embeddable":true,"href":"https:\/\/evokaii.com\/pl\/wp-json\/wp\/v2\/product_brand?post=7158"},{"taxonomy":"product_cat","embeddable":true,"href":"https:\/\/evokaii.com\/pl\/wp-json\/wp\/v2\/product_cat?post=7158"},{"taxonomy":"product_tag","embeddable":true,"href":"https:\/\/evokaii.com\/pl\/wp-json\/wp\/v2\/product_tag?post=7158"}],"curies":[{"name":"wp","href":"https:\/\/api.w.org\/{rel}","templated":true}]}}