{"id":7491,"date":"2019-05-26T18:36:19","date_gmt":"2019-05-26T16:36:23","guid":{"rendered":"http:\/\/3.127.24.41\/?post_type=product&#038;p=7491"},"modified":"2021-03-25T14:05:36","modified_gmt":"2021-03-25T12:05:36","slug":"toucan-candy-hoodie","status":"publish","type":"product","link":"https:\/\/evokaii.com\/pl\/produkt\/toucan-candy-hoodie\/","title":{"rendered":"Toucan Candy Hoodie"},"content":{"rendered":"<h2>Tropikalna bluza: Toucan &#8211; Candy Hoodie<\/h2>\n<p style=\"text-align: justify;\">Bluza w tukany z kapturem wykonana jest z wysokiej klasy bawe\u0142ny, kt\u00f3ra gwarantuje wygod\u0119 u\u017cytkowania, mi\u0119kko\u015b\u0107 oraz komfort termiczny. Opr\u00f3cz bawe\u0142ny, kt\u00f3ra stanowi a\u017c 90% sk\u0142adu, w produkcji wykorzystano 10 % poliestru. Tropikalna bluza z tukanem dost\u0119pna jest w trzech podstawowych rozmiarach: ma\u0142ym (S), \u015brednim (M) i du\u017cym (L). Bluza tukan posiada obszerny kaptur, kt\u00f3rego materia\u0142 w przedniej cz\u0119\u015bci nak\u0142ada si\u0119 na siebie, tworz\u0105c dodatkow\u0105 os\u0142on\u0119 dla g\u00f3rnych dr\u00f3g oddechowych w ch\u0142odniejsze dni. D\u0142ugo\u015b\u0107, kt\u00f3r\u0105 charakteryzuje si\u0119 ten model, pozwala okry\u0107 newralgiczne obszary cia\u0142a i stworzy\u0107 ciep\u0142\u0105 otulin\u0119 wok\u00f3\u0142 szyi, plec\u00f3w czy nadgarstk\u00f3w.<\/p>\n<p style=\"text-align: justify;\">Bluza wyr\u00f3\u017cnia si\u0119 oryginalnym wzorem przedstawiaj\u0105cym tukany na tle bujnej ro\u015blinno\u015bci oraz ananas\u00f3w. Nietuzinkowa ziele\u0144 kontrastuje tutaj widocznie z szaro\u015bci\u0105 wyka\u0144czaj\u0105c\u0105 brzegi ubrania. Bluza zyskuje praktyczno\u015bci dzi\u0119ki pojemnej kieszeni umieszczonej w okolicy brzucha. Mo\u017cna tam schowa\u0107 d\u0142onie i zabezpieczy\u0107 si\u0119 w ten spos\u00f3b przed nisk\u0105 temperatur\u0105 na zewn\u0105trz.<\/p>\n","protected":false},"excerpt":{"rendered":"<p>\u2299 Du\u017cy kaptur<br \/>\n\u2299 Nietuzinkowe po\u0142\u0105czenie zieleni z szaro\u015bci\u0105<br \/>\n\u2299 Motyw tropikal tukan<br \/>\n\u2299 Bawe\u0142na wysokiej jako\u015bci<\/p>\n","protected":false},"featured_media":6979,"comment_status":"open","ping_status":"closed","template":"","meta":{"_acf_changed":false},"product_brand":[],"product_cat":[155],"product_tag":[193,2616,2598,2700],"class_list":{"0":"post-7491","1":"product","2":"type-product","3":"status-publish","4":"has-post-thumbnail","6":"product_cat-bluzy-damskie","7":"product_tag-duzy-kaptur","8":"product_tag-hoodie-with-large-hood-pl","9":"product_tag-surf-clothing-pl","10":"product_tag-womens-surf-hoodies-pl","12":"first","13":"outofstock","14":"shipping-taxable","15":"product-type-variable"},"acf":[],"_links":{"self":[{"href":"https:\/\/evokaii.com\/pl\/wp-json\/wp\/v2\/product\/7491","targetHints":{"allow":["GET"]}}],"collection":[{"href":"https:\/\/evokaii.com\/pl\/wp-json\/wp\/v2\/product"}],"about":[{"href":"https:\/\/evokaii.com\/pl\/wp-json\/wp\/v2\/types\/product"}],"replies":[{"embeddable":true,"href":"https:\/\/evokaii.com\/pl\/wp-json\/wp\/v2\/comments?post=7491"}],"wp:featuredmedia":[{"embeddable":true,"href":"https:\/\/evokaii.com\/pl\/wp-json\/wp\/v2\/media\/6979"}],"wp:attachment":[{"href":"https:\/\/evokaii.com\/pl\/wp-json\/wp\/v2\/media?parent=7491"}],"wp:term":[{"taxonomy":"product_brand","embeddable":true,"href":"https:\/\/evokaii.com\/pl\/wp-json\/wp\/v2\/product_brand?post=7491"},{"taxonomy":"product_cat","embeddable":true,"href":"https:\/\/evokaii.com\/pl\/wp-json\/wp\/v2\/product_cat?post=7491"},{"taxonomy":"product_tag","embeddable":true,"href":"https:\/\/evokaii.com\/pl\/wp-json\/wp\/v2\/product_tag?post=7491"}],"curies":[{"name":"wp","href":"https:\/\/api.w.org\/{rel}","templated":true}]}}