{"id":7505,"date":"2019-05-26T18:57:48","date_gmt":"2019-05-26T16:57:51","guid":{"rendered":"http:\/\/3.127.24.41\/?post_type=product&#038;p=7505"},"modified":"2020-11-30T12:13:36","modified_gmt":"2020-11-30T10:13:36","slug":"feathers-candy-hoodie","status":"publish","type":"product","link":"https:\/\/evokaii.com\/pl\/produkt\/feathers-candy-hoodie\/","title":{"rendered":"Feathers Candy Hoodie"},"content":{"rendered":"<h3>Bawe\u0142niana bluza z kapturem: Feathers &#8211; Candy Hoodie<\/h3>\n<p style=\"text-align: justify\">Wyj\u0105tkowo mi\u0119kka, bawe\u0142niana bluza z kapturem w pastelowym, r\u00f3\u017cowym kolorze z subtelnymi mi\u0119towymi wstawkami na r\u0119kawach. Na piersi, kapturze oraz plecach posiada aplikacje przedstawiaj\u0105c\u0105 turkusowe pi\u00f3ra, tworz\u0105c interesuj\u0105cy wariant kolorystyczny. Bluza jest dost\u0119pna w trzech rozmiarach: ma\u0142ym (S), \u015brednim (M) i du\u017cym (L).<\/p>\n<p style=\"text-align: justify\">Ta r\u00f3\u017cowa bluza z pi\u00f3rkami doskonale nadaje si\u0119 zar\u00f3wno do noszenia na co dzie\u0144 &#8211; do szko\u0142y lub pracy, jak i na wycieczk\u0119 rowerow\u0105 albo weekendowy spacer po lesie. Dzi\u0119ki najwy\u017cszej jako\u015bci bawe\u0142nie, jest ciep\u0142a i mi\u0119kka w dotyku, w sam raz na jesienn\u0105 pogod\u0119. Obszerny kaptur skutecznie ochroni g\u0142ow\u0119 przed wiatrem lub deszczem. Interesuj\u0105cy projekt sprawia, \u017ce w tej bluzie z pewno\u015bci\u0105 nie znikniesz w t\u0142umie. Ta wyj\u0105tkowa bluza w pi\u00f3rka idealnie \u0142\u0105czy w sobie dziewcz\u0119c\u0105 delikatno\u015b\u0107, z odrobin\u0105 egzotycznego szale\u0144stwa oraz sportow\u0105 wygod\u0105. Zosta\u0142a zaprojektowana z my\u015bl\u0105 o osobach, kt\u00f3re ceni\u0105 sobie komfort, a jednocze\u015bnie nie lubi\u0105 nudy i zale\u017cy im na oryginalnym wzornictwie.<\/p>\n","protected":false},"excerpt":{"rendered":"<p>\u2299 Du\u017cy kaptur<br \/>\n\u2299 Intryguj\u0105ca kolorystyka<br \/>\n\u2299 Bluza z motywem pi\u00f3r<br \/>\n\u2299 Mi\u0119kka bawe\u0142na<\/p>\n","protected":false},"featured_media":14620,"comment_status":"open","ping_status":"closed","template":"","meta":{"_acf_changed":false},"product_brand":[],"product_cat":[155],"product_tag":[193,2497,2598,2508,2589,2496,2602,2700],"class_list":{"0":"post-7505","1":"product","2":"type-product","3":"status-publish","4":"has-post-thumbnail","6":"product_cat-bluzy-damskie","7":"product_tag-duzy-kaptur","8":"product_tag-streetwear-pl","9":"product_tag-surf-clothing-pl","10":"product_tag-surf-hoodie-pl","11":"product_tag-surf-hoodies-pl","12":"product_tag-surf-wear-pl","13":"product_tag-womens-surf-clothing-pl","14":"product_tag-womens-surf-hoodies-pl","16":"first","17":"outofstock","18":"sale","19":"shipping-taxable","20":"purchasable","21":"product-type-variable"},"acf":[],"_links":{"self":[{"href":"https:\/\/evokaii.com\/pl\/wp-json\/wp\/v2\/product\/7505","targetHints":{"allow":["GET"]}}],"collection":[{"href":"https:\/\/evokaii.com\/pl\/wp-json\/wp\/v2\/product"}],"about":[{"href":"https:\/\/evokaii.com\/pl\/wp-json\/wp\/v2\/types\/product"}],"replies":[{"embeddable":true,"href":"https:\/\/evokaii.com\/pl\/wp-json\/wp\/v2\/comments?post=7505"}],"wp:featuredmedia":[{"embeddable":true,"href":"https:\/\/evokaii.com\/pl\/wp-json\/wp\/v2\/media\/14620"}],"wp:attachment":[{"href":"https:\/\/evokaii.com\/pl\/wp-json\/wp\/v2\/media?parent=7505"}],"wp:term":[{"taxonomy":"product_brand","embeddable":true,"href":"https:\/\/evokaii.com\/pl\/wp-json\/wp\/v2\/product_brand?post=7505"},{"taxonomy":"product_cat","embeddable":true,"href":"https:\/\/evokaii.com\/pl\/wp-json\/wp\/v2\/product_cat?post=7505"},{"taxonomy":"product_tag","embeddable":true,"href":"https:\/\/evokaii.com\/pl\/wp-json\/wp\/v2\/product_tag?post=7505"}],"curies":[{"name":"wp","href":"https:\/\/api.w.org\/{rel}","templated":true}]}}