{"id":7523,"date":"2019-05-26T19:09:09","date_gmt":"2019-05-26T17:09:12","guid":{"rendered":"http:\/\/3.127.24.41\/?post_type=product&#038;p=7523"},"modified":"2021-03-25T14:05:08","modified_gmt":"2021-03-25T12:05:08","slug":"parrot-candy-hoodie","status":"publish","type":"product","link":"https:\/\/evokaii.com\/pl\/produkt\/parrot-candy-hoodie\/","title":{"rendered":"Parrot Candy Hoodie"},"content":{"rendered":"<h3>Bluza w papugi: Parrot &#8211; Candy Hoodie<\/h3>\n<p style=\"text-align: justify;\">Parrot Candy Hoodie to wykonana z wysokiej jako\u015bci bawe\u0142ny, wygodna bluza z kapturem. Produkt przyci\u0105ga uwag\u0119 niezwyk\u0142ym, wyr\u00f3\u017cniaj\u0105cym si\u0119 designem, a dzi\u0119ki tropikalnemu nadrukowi, \u015bwietnie wpisuje si\u0119 w aktualne trendy.<\/p>\n<p style=\"text-align: justify;\"><strong>Tropikalna bluza z kapturem<\/strong>\u00a0to modna propozycja na ch\u0142odniejsze, jesienne dni. Ciekawe po\u0142\u0105czenie koloru niebieskiego z zieleni\u0105, a tak\u017ce barwny motyw z papugami sprawiaj\u0105, \u017ce bluza ta skutecznie poprawi nastr\u00f3j nawet w najwi\u0119ksz\u0105 niepogod\u0119!<\/p>\n<p style=\"text-align: justify;\"><strong>Bluza z papugami<\/strong> jest dost\u0119pna w rozmiarach S oraz M. Materia\u0142 z kt\u00f3rego zosta\u0142a wykonana to w 90% wysokiej jako\u015bci bawe\u0142na, kt\u00f3ra umo\u017cliwia cyrkulacj\u0119 powietrza i zapobiega poceniu si\u0119. Du\u017cy kaptur natomiast stanowi skuteczn\u0105 ochron\u0119 przed wiatrem lub deszczem. Ta oryginalna niebieska <strong>bluza z kapturem<\/strong>\u00a0zosta\u0142a zaprojektowana w taki spos\u00f3b, aby zapewni\u0107 u\u017cytkownikowi maksymaln\u0105 wygod\u0119, dlatego \u015bwietnie nadaje si\u0119 zar\u00f3wno do noszenia w domu, jak i w pracy czy podczas uprawiania sport\u00f3w na \u015bwie\u017cym powietrzu.\u00a0<strong>Bluza z papug\u0105<\/strong>\u00a0to model o niezwykle intryguj\u0105cym wzornictwie, idealny dla os\u00f3b, kt\u00f3re nie boj\u0105 si\u0119 odwa\u017cnego i niebanalnego stylu.<\/p>\n","protected":false},"excerpt":{"rendered":"<p>\u2299 Stylowe wzornictwo<br \/>\n\u2299 Bluza w papugi<br \/>\n\u2299 Bawe\u0142na wysokiej jako\u015bci<br \/>\n\u2299 Du\u017cy kaptur<\/p>\n","protected":false},"featured_media":6963,"comment_status":"open","ping_status":"closed","template":"","meta":{"_acf_changed":false},"product_brand":[],"product_cat":[155],"product_tag":[181,193,2509,2497,2510,2508,2521],"class_list":{"0":"post-7523","1":"product","2":"type-product","3":"status-publish","4":"has-post-thumbnail","6":"product_cat-bluzy-damskie","7":"product_tag-bluzy","8":"product_tag-duzy-kaptur","9":"product_tag-kitesurf-hoodie-pl","10":"product_tag-streetwear-pl","11":"product_tag-surf-apparel-pl","12":"product_tag-surf-hoodie-pl","13":"product_tag-surf-wear-brands-pl","15":"first","16":"outofstock","17":"sale","18":"shipping-taxable","19":"purchasable","20":"product-type-variable"},"acf":[],"_links":{"self":[{"href":"https:\/\/evokaii.com\/pl\/wp-json\/wp\/v2\/product\/7523","targetHints":{"allow":["GET"]}}],"collection":[{"href":"https:\/\/evokaii.com\/pl\/wp-json\/wp\/v2\/product"}],"about":[{"href":"https:\/\/evokaii.com\/pl\/wp-json\/wp\/v2\/types\/product"}],"replies":[{"embeddable":true,"href":"https:\/\/evokaii.com\/pl\/wp-json\/wp\/v2\/comments?post=7523"}],"wp:featuredmedia":[{"embeddable":true,"href":"https:\/\/evokaii.com\/pl\/wp-json\/wp\/v2\/media\/6963"}],"wp:attachment":[{"href":"https:\/\/evokaii.com\/pl\/wp-json\/wp\/v2\/media?parent=7523"}],"wp:term":[{"taxonomy":"product_brand","embeddable":true,"href":"https:\/\/evokaii.com\/pl\/wp-json\/wp\/v2\/product_brand?post=7523"},{"taxonomy":"product_cat","embeddable":true,"href":"https:\/\/evokaii.com\/pl\/wp-json\/wp\/v2\/product_cat?post=7523"},{"taxonomy":"product_tag","embeddable":true,"href":"https:\/\/evokaii.com\/pl\/wp-json\/wp\/v2\/product_tag?post=7523"}],"curies":[{"name":"wp","href":"https:\/\/api.w.org\/{rel}","templated":true}]}}