{"id":7537,"date":"2019-05-26T19:20:55","date_gmt":"2019-05-26T17:20:59","guid":{"rendered":"http:\/\/3.127.24.41\/?post_type=product&#038;p=7537"},"modified":"2020-07-06T09:48:30","modified_gmt":"2020-07-06T07:48:30","slug":"parrot-candy-long-hoodie","status":"publish","type":"product","link":"https:\/\/evokaii.com\/pl\/produkt\/parrot-candy-long-hoodie\/","title":{"rendered":"Parrot Candy Long Hoodie"},"content":{"rendered":"<h2>Niebieska bluza z kapturem w papugi<\/h2>\n<p style=\"text-align: justify\">D\u0142uga, niebieska bluza &#8220;Parrot Candy Long Hoodie&#8221; wykonana jest z mi\u0119kkiej bawe\u0142ny z domieszk\u0105 poliestru. Subtelny kolor prze\u0142amany jest intensywnie czerwonymi papugami, kt\u00f3re znajduj\u0105 si\u0119 z przodu, na plecach oraz wewn\u0105trz kaptura. Dost\u0119pne rozmiary to: ma\u0142y (S), \u015bredni (M) i du\u017cy (L).<\/p>\n<p style=\"text-align: justify\">D\u0142uga bluza z papugami, to doskona\u0142e rozwi\u0105zanie dla tych, kt\u00f3rzy ceni\u0105 sobie wygod\u0119, sportowy styl oraz nieszablonowe wzornictwo. Mi\u0119kka i gruba bawe\u0142na gwarantuje, \u017ce w tej bluzie nie zmarzniesz podczas wietrznych i zimnych wieczor\u00f3w. Obszerny kaptur oraz otwory w r\u0119kawach przeznaczone na kciuki zwi\u0119kszaj\u0105 poczucie komfortu i ciep\u0142a. D\u0142uga, niebieska bluza \u015bwietnie sprawdzi si\u0119 w ka\u017cdych warunkach, bez wzgl\u0119du na to, czy zamierzasz j\u0105 nosi\u0107 na co dzie\u0144, czy tylko podczas jesiennych spacer\u00f3w albo weekendowych wypad\u00f3w za miasto. Dobrze dobrana kolorystyka, \u0142\u0105cz\u0105ca delikatny, lekko szaro niebieski kolor, z intensywnie granatow\u0105 aplikacj\u0105 z papugami sprawia, \u017ce b\u0119dziesz wygl\u0105da\u0107 stylowo bez wzgl\u0119du na okoliczno\u015bci.<\/p>\n","protected":false},"excerpt":{"rendered":"<p>\u2299 G\u0142\u0119boki, niebieski kolor<br \/>\n\u2299 Motyw Papugi<br \/>\n\u2299 Du\u017cy kaptur<br \/>\n\u2299 Ciep\u0142a i wygodna<\/p>\n","protected":false},"featured_media":6987,"comment_status":"open","ping_status":"closed","template":"","meta":{"_acf_changed":false},"product_brand":[],"product_cat":[155,2694,2207],"product_tag":[193,2616,2509,2626,177,2497,2510,2508,2496],"class_list":{"0":"post-7537","1":"product","2":"type-product","3":"status-publish","4":"has-post-thumbnail","6":"product_cat-bluzy-damskie","7":"product_cat-dlugie-bluzy-z-kapturem","8":"product_cat-wyprzedaz","9":"product_tag-duzy-kaptur","10":"product_tag-hoodie-with-large-hood-pl","11":"product_tag-kitesurf-hoodie-pl","12":"product_tag-long-hoodie-pl","13":"product_tag-nowy","14":"product_tag-streetwear-pl","15":"product_tag-surf-apparel-pl","16":"product_tag-surf-hoodie-pl","17":"product_tag-surf-wear-pl","19":"first","20":"outofstock","21":"sale","22":"shipping-taxable","23":"purchasable","24":"product-type-variable"},"acf":[],"_links":{"self":[{"href":"https:\/\/evokaii.com\/pl\/wp-json\/wp\/v2\/product\/7537","targetHints":{"allow":["GET"]}}],"collection":[{"href":"https:\/\/evokaii.com\/pl\/wp-json\/wp\/v2\/product"}],"about":[{"href":"https:\/\/evokaii.com\/pl\/wp-json\/wp\/v2\/types\/product"}],"replies":[{"embeddable":true,"href":"https:\/\/evokaii.com\/pl\/wp-json\/wp\/v2\/comments?post=7537"}],"wp:featuredmedia":[{"embeddable":true,"href":"https:\/\/evokaii.com\/pl\/wp-json\/wp\/v2\/media\/6987"}],"wp:attachment":[{"href":"https:\/\/evokaii.com\/pl\/wp-json\/wp\/v2\/media?parent=7537"}],"wp:term":[{"taxonomy":"product_brand","embeddable":true,"href":"https:\/\/evokaii.com\/pl\/wp-json\/wp\/v2\/product_brand?post=7537"},{"taxonomy":"product_cat","embeddable":true,"href":"https:\/\/evokaii.com\/pl\/wp-json\/wp\/v2\/product_cat?post=7537"},{"taxonomy":"product_tag","embeddable":true,"href":"https:\/\/evokaii.com\/pl\/wp-json\/wp\/v2\/product_tag?post=7537"}],"curies":[{"name":"wp","href":"https:\/\/api.w.org\/{rel}","templated":true}]}}