{"id":7551,"date":"2019-05-26T19:42:01","date_gmt":"2019-05-26T17:42:06","guid":{"rendered":"http:\/\/3.127.24.41\/?post_type=product&#038;p=7551"},"modified":"2023-05-24T21:23:17","modified_gmt":"2023-05-24T19:23:17","slug":"toucan-candy-long-hoodie","status":"publish","type":"product","link":"https:\/\/evokaii.com\/pl\/produkt\/toucan-candy-long-hoodie\/","title":{"rendered":"Toucan Candy Long Hoodie"},"content":{"rendered":"<h3>Toucan &#8211; d\u0142uga bluza w tukany<\/h3>\n<p>Przedstawiamy wygodn\u0105 bluz\u0119 o intryguj\u0105cym wygl\u0105dzie. Ta d\u0142uga damska bluza z kapturem, pokryta wzorem w egzotyczne tukany r\u00f3wnie skutecznie zapewni komfort u\u017cytkowania jak i zainteresowanie otoczenia. D\u0142uga szara bluza z kapturem wykonana jest z 90% delikatnej bawe\u0142ny wysokiej jako\u015bci z domieszk\u0105 poliestru zapewniaj\u0105cego wytrzyma\u0142o\u015b\u0107 i elastyczno\u015b\u0107. Jej du\u017cy, mi\u0119kki kaptur pozwala przytulnie zakry\u0107 ca\u0142\u0105 g\u0142ow\u0119. Bluza przykuwa uwag\u0119 gustownym po\u0142\u0105czeniem morskiej zieleni ze stonowan\u0105 szaro\u015bci\u0105 oraz barwnym nadrukiem wysokiej jako\u015bci przedstawiaj\u0105cym tukany. Dost\u0119pna w rozmiarach S i M.<\/p>\n<p>D\u0142uga bluza w tukany r\u0119cznie zaprojektowana przez projektant\u00f3w mody nawet w pochmurne dni przywodzi na my\u015bl ciep\u0142e i pachn\u0105ce tropiki. <a href=\"https:\/\/evokaii.com\/pl\/kategoria-produktu\/bluzy\/\">Modne bluzy<\/a> podkre\u015blaj\u0105 charakter nosz\u0105cej je kobiety, a ta z pewno\u015bci\u0105 pozwoli Wam wyrazi\u0107 Wasz\u0105 rado\u015b\u0107, energi\u0119 i zami\u0142owanie do przygody. Bez wzgl\u0119du na to, czy znajdziecie si\u0119 na egzotycznej wyspie, czy mo\u017ce jednak w domu, pracy albo u znajomych, d\u0142uga damska bluza w tukany sprawi, \u017ce wsz\u0119dzie b\u0119dziecie wygl\u0105da\u0142y wyj\u0105tkowo.<\/p>\n","protected":false},"excerpt":{"rendered":"<p>\u2299 Bluza w tukany <br \/>\u2299 Stylowe wzornictwo <br \/>\u2299 Szary kolor <br \/>\u2299 Du\u017cy kaptur<\/p>\n","protected":false},"featured_media":7003,"comment_status":"open","ping_status":"closed","template":"","meta":{"_acf_changed":false},"product_brand":[],"product_cat":[155,2694,2207],"product_tag":[193,2616,2509,2497,2510,2508,2496,2521],"class_list":{"0":"post-7551","1":"product","2":"type-product","3":"status-publish","4":"has-post-thumbnail","6":"product_cat-bluzy-damskie","7":"product_cat-dlugie-bluzy-z-kapturem","8":"product_cat-wyprzedaz","9":"product_tag-duzy-kaptur","10":"product_tag-hoodie-with-large-hood-pl","11":"product_tag-kitesurf-hoodie-pl","12":"product_tag-streetwear-pl","13":"product_tag-surf-apparel-pl","14":"product_tag-surf-hoodie-pl","15":"product_tag-surf-wear-pl","16":"product_tag-surf-wear-brands-pl","18":"first","19":"outofstock","20":"sale","21":"shipping-taxable","22":"purchasable","23":"product-type-variable"},"acf":[],"_links":{"self":[{"href":"https:\/\/evokaii.com\/pl\/wp-json\/wp\/v2\/product\/7551","targetHints":{"allow":["GET"]}}],"collection":[{"href":"https:\/\/evokaii.com\/pl\/wp-json\/wp\/v2\/product"}],"about":[{"href":"https:\/\/evokaii.com\/pl\/wp-json\/wp\/v2\/types\/product"}],"replies":[{"embeddable":true,"href":"https:\/\/evokaii.com\/pl\/wp-json\/wp\/v2\/comments?post=7551"}],"wp:featuredmedia":[{"embeddable":true,"href":"https:\/\/evokaii.com\/pl\/wp-json\/wp\/v2\/media\/7003"}],"wp:attachment":[{"href":"https:\/\/evokaii.com\/pl\/wp-json\/wp\/v2\/media?parent=7551"}],"wp:term":[{"taxonomy":"product_brand","embeddable":true,"href":"https:\/\/evokaii.com\/pl\/wp-json\/wp\/v2\/product_brand?post=7551"},{"taxonomy":"product_cat","embeddable":true,"href":"https:\/\/evokaii.com\/pl\/wp-json\/wp\/v2\/product_cat?post=7551"},{"taxonomy":"product_tag","embeddable":true,"href":"https:\/\/evokaii.com\/pl\/wp-json\/wp\/v2\/product_tag?post=7551"}],"curies":[{"name":"wp","href":"https:\/\/api.w.org\/{rel}","templated":true}]}}