{"id":7565,"date":"2019-05-26T19:47:31","date_gmt":"2019-05-26T17:47:38","guid":{"rendered":"http:\/\/3.127.24.41\/?post_type=product&#038;p=7565"},"modified":"2023-05-24T21:44:16","modified_gmt":"2023-05-24T19:44:16","slug":"feathers-candy-long-hoodie","status":"publish","type":"product","link":"https:\/\/evokaii.com\/pl\/produkt\/feathers-candy-long-hoodie\/","title":{"rendered":"Feathers Candy Long Hoodie"},"content":{"rendered":"<h2>R\u00f3\u017cowa bluza z kapturem &#8211; Candy Long Hoodie<\/h2>\n<p style=\"text-align: justify\">Feathers Candy Long Hoodie to model bluzy, kt\u00f3ry doskonale podkre\u015bli sportowy styl ka\u017cdej kobiety. Wykonana w 90% z bawe\u0142ny z domieszk\u0105 poliestru jest wyj\u0105tkowo wygodna i przyjemna w dotyku. Delikatny materia\u0142 otuli nas i zapewni ciep\u0142o podczas uprawiania sportu czy odpoczynku na \u015bwie\u017cym powietrzu w ch\u0142odniejsze dni. Jasnor\u00f3\u017cowa bluza z kapturem\u00a0posiada oryginalny wz\u00f3r pi\u00f3r wyeksponowany z przodu, z ty\u0142u oraz na wewn\u0119trznej stronie kaptura.\u00a0Dost\u0119pna jest w rozmiarach ma\u0142ym (S) oraz \u015brednim (M).<\/p>\n<p style=\"text-align: justify\">Jasnor\u00f3\u017cowa bluza oversize\u00a0dzi\u0119ki swojej d\u0142ugo\u015bci oraz wyj\u0105tkowo ciep\u0142emu kapturowi skutecznie ochroni przed zimnem i wiatrem. Dodatkowo ciekawy design szczeg\u00f3lnie wyr\u00f3\u017cnia ten model spo\u015br\u00f3d innych bluz z kapturem. Delikatny, pastelowy kolor i ozdobne wstawki nadaj\u0105 jej zachwycaj\u0105cego i niebanalnego wygl\u0105du. D\u0142ugi kr\u00f3j, interesuj\u0105cy wz\u00f3r oraz du\u017cy kaptur na zak\u0142adk\u0119 zapewni\u0105 nie tylko komfort i ciep\u0142o, ale przede wszystkim s\u0105 gwarancj\u0105, \u017ce ka\u017cda kobieta poczuje si\u0119 w niej atrakcyjnie!<\/p>\n<p>&nbsp;<\/p>\n","protected":false},"excerpt":{"rendered":"<p>\u2299 Du\u017cy kaptur<br \/>\n\u2299 Stylowy kr\u00f3j<br \/>\n\u2299 Pink Feathers Design<br \/>\n\u2299 Bardzo ciep\u0142a bluza<\/p>\n","protected":false},"featured_media":6995,"comment_status":"open","ping_status":"closed","template":"","meta":{"_acf_changed":false},"product_brand":[],"product_cat":[155,2694],"product_tag":[193,2616,2509,2626,2497,2510,2598,2508,2496,2602],"class_list":{"0":"post-7565","1":"product","2":"type-product","3":"status-publish","4":"has-post-thumbnail","6":"product_cat-bluzy-damskie","7":"product_cat-dlugie-bluzy-z-kapturem","8":"product_tag-duzy-kaptur","9":"product_tag-hoodie-with-large-hood-pl","10":"product_tag-kitesurf-hoodie-pl","11":"product_tag-long-hoodie-pl","12":"product_tag-streetwear-pl","13":"product_tag-surf-apparel-pl","14":"product_tag-surf-clothing-pl","15":"product_tag-surf-hoodie-pl","16":"product_tag-surf-wear-pl","17":"product_tag-womens-surf-clothing-pl","19":"first","20":"outofstock","21":"sale","22":"shipping-taxable","23":"purchasable","24":"product-type-variable"},"acf":[],"_links":{"self":[{"href":"https:\/\/evokaii.com\/pl\/wp-json\/wp\/v2\/product\/7565","targetHints":{"allow":["GET"]}}],"collection":[{"href":"https:\/\/evokaii.com\/pl\/wp-json\/wp\/v2\/product"}],"about":[{"href":"https:\/\/evokaii.com\/pl\/wp-json\/wp\/v2\/types\/product"}],"replies":[{"embeddable":true,"href":"https:\/\/evokaii.com\/pl\/wp-json\/wp\/v2\/comments?post=7565"}],"wp:featuredmedia":[{"embeddable":true,"href":"https:\/\/evokaii.com\/pl\/wp-json\/wp\/v2\/media\/6995"}],"wp:attachment":[{"href":"https:\/\/evokaii.com\/pl\/wp-json\/wp\/v2\/media?parent=7565"}],"wp:term":[{"taxonomy":"product_brand","embeddable":true,"href":"https:\/\/evokaii.com\/pl\/wp-json\/wp\/v2\/product_brand?post=7565"},{"taxonomy":"product_cat","embeddable":true,"href":"https:\/\/evokaii.com\/pl\/wp-json\/wp\/v2\/product_cat?post=7565"},{"taxonomy":"product_tag","embeddable":true,"href":"https:\/\/evokaii.com\/pl\/wp-json\/wp\/v2\/product_tag?post=7565"}],"curies":[{"name":"wp","href":"https:\/\/api.w.org\/{rel}","templated":true}]}}