{"id":7730,"date":"2019-06-22T12:09:47","date_gmt":"2019-06-22T10:09:48","guid":{"rendered":"http:\/\/3.127.24.41\/?post_type=product&#038;p=7730"},"modified":"2023-05-24T21:22:17","modified_gmt":"2023-05-24T19:22:17","slug":"feathers-candy-pants","status":"publish","type":"product","link":"https:\/\/evokaii.com\/pl\/produkt\/feathers-candy-pants\/","title":{"rendered":"Feathers &#8211; Candy Pants"},"content":{"rendered":"<h2>R\u00f3\u017cowe spodnie dresowe<\/h2>\n<p style=\"text-align: justify\">Te bardzo wygodne, sportowe spodnie w modnym kolorze, jakim jest pastelowy r\u00f3\u017c, to doskona\u0142y wyb\u00f3r dla kobiet, kt\u00f3re nawet podczas uprawiania sportu lubi\u0105 wygl\u0105da\u0107 modnie i dziewcz\u0119co. Bez wzgl\u0119du na to, czy Twoj\u0105 pasj\u0105 jest jazda na rowerze, taniec, joga, tenis czy bieganie &#8211; pokochasz te spodnie za wygod\u0119, jak\u0105 oferuj\u0105. Te r\u00f3\u017cowe dresy\u00a0wykonane s\u0105 z najwy\u017cszej jako\u015bci bawe\u0142ny, co gwarantuje komfort u\u017cytkowania, ciep\u0142o i przewiewno\u015b\u0107. Dyskretny \u015bci\u0105gacz przy nogawce zapewnia swobod\u0119 ruch\u00f3w podczas d\u0142ugich spacer\u00f3w oraz uprawiania sportu. Spodnie posiadaj\u0105 dwie praktyczne kieszenie, w kt\u00f3rych mo\u017cna schowa\u0107 telefon lub klucze. Przy kieszeniach oraz na gumce w pasie maj\u0105 delikatny, tropikalny detal z zielono-niebieskimi pi\u00f3rami, kt\u00f3ry dodaje im uroku. Sprawdz\u0105 si\u0119 tak\u017ce jako spodnie na co dzie\u0144 lub jako garderoba na d\u0142ug\u0105 podr\u00f3\u017c, kiedy potrzebujemy odrobiny komfortu.<\/p>\n<p style=\"text-align: justify\">R\u00f3\u017cowe spodnie dresowe ze \u015bci\u0105gaczem, wykonane w 100% z bawe\u0142ny. Posiadaj\u0105 dwie kieszenie. Dost\u0119pne w rozmiarach: S, M, L.<\/p>\n","protected":false},"excerpt":{"rendered":"<p>\u2299 Dwie przednie kieszenie<br \/>\n\u2299 Delikatny motyw pi\u00f3r<br \/>\n\u2299 \u015aci\u0105gacze na dole<br \/>\n\u2299 Wygodny kr\u00f3j<\/p>\n","protected":false},"featured_media":7756,"comment_status":"closed","ping_status":"closed","template":"","meta":{"_acf_changed":false},"product_brand":[],"product_cat":[1303,2207],"product_tag":[2601,2598,2600,2496,2599,2602],"class_list":{"0":"post-7730","1":"product","2":"type-product","3":"status-publish","4":"has-post-thumbnail","6":"product_cat-spodnie","7":"product_cat-wyprzedaz","8":"product_tag-street-wear-pl","9":"product_tag-surf-clothing-pl","10":"product_tag-surf-sweatpants-pl","11":"product_tag-surf-wear-pl","12":"product_tag-sweatpants-pl","13":"product_tag-womens-surf-clothing-pl","15":"first","16":"outofstock","17":"shipping-taxable","18":"product-type-variable"},"acf":[],"_links":{"self":[{"href":"https:\/\/evokaii.com\/pl\/wp-json\/wp\/v2\/product\/7730","targetHints":{"allow":["GET"]}}],"collection":[{"href":"https:\/\/evokaii.com\/pl\/wp-json\/wp\/v2\/product"}],"about":[{"href":"https:\/\/evokaii.com\/pl\/wp-json\/wp\/v2\/types\/product"}],"replies":[{"embeddable":true,"href":"https:\/\/evokaii.com\/pl\/wp-json\/wp\/v2\/comments?post=7730"}],"wp:featuredmedia":[{"embeddable":true,"href":"https:\/\/evokaii.com\/pl\/wp-json\/wp\/v2\/media\/7756"}],"wp:attachment":[{"href":"https:\/\/evokaii.com\/pl\/wp-json\/wp\/v2\/media?parent=7730"}],"wp:term":[{"taxonomy":"product_brand","embeddable":true,"href":"https:\/\/evokaii.com\/pl\/wp-json\/wp\/v2\/product_brand?post=7730"},{"taxonomy":"product_cat","embeddable":true,"href":"https:\/\/evokaii.com\/pl\/wp-json\/wp\/v2\/product_cat?post=7730"},{"taxonomy":"product_tag","embeddable":true,"href":"https:\/\/evokaii.com\/pl\/wp-json\/wp\/v2\/product_tag?post=7730"}],"curies":[{"name":"wp","href":"https:\/\/api.w.org\/{rel}","templated":true}]}}