{"id":7759,"date":"2019-06-22T13:45:56","date_gmt":"2019-06-22T11:45:57","guid":{"rendered":"http:\/\/3.127.24.41\/?post_type=product&#038;p=7759"},"modified":"2023-05-24T21:47:07","modified_gmt":"2023-05-24T19:47:07","slug":"candy-pants-toucan-grey","status":"publish","type":"product","link":"https:\/\/evokaii.com\/pl\/produkt\/candy-pants-toucan-grey\/","title":{"rendered":"Toucan &#8211; Candy Pants"},"content":{"rendered":"<h3>Szare spodnie Toucan<\/h3>\n<p><span style=\"font-size: 10.5pt;font-family: 'Helvetica',sans-serif;color: #333333\">Stare dresowe spodnie wysz\u0142y ju\u017c dawno z mody? Szukasz nowych, w kt\u00f3rych b\u0119dziesz si\u0119 czu\u0107 komfortowo, a zarazem wygl\u0105da\u0107 modnie? Szare spodnie, z nut\u0105 melan\u017cu idealnie wkomponuj\u0105 si\u0119 w aktualne trendy. Zosta\u0142y wykonane w 100% z bawe\u0142ny, a ich\u00a0kr\u00f3j pasuje zar\u00f3wno do sportowej, jak i codziennej stylizacji. Wewn\u0119trzna strona spodni posiada bardzo modny nadruk z motywem tukana. Przednia cz\u0119\u015b\u0107 spodni wyposa\u017cona jest w dwie praktyczne kieszenie. Spodnie dost\u0119pne s\u0105 w rozmiarach S, M oraz L, tak\u017ce nie b\u0119dzie problemu z doborem odpowiedniej pary dla siebie.<\/span><\/p>\n<p><span style=\"font-size: 10.5pt;font-family: 'Helvetica',sans-serif;color: #333333\">Sportowe spodnie Toucan &#8211; Candy Pants to komfort, wygoda, ale i stylowy wygl\u0105d. Idealnie pasuj\u0105 na d\u0142ugie spacery, ale i leniuchowanie w domu. . S\u0105 wykonane z bardzo wysokiej jako\u015bci\u00a0materia\u0142u naturalnego. Wyj\u0105tkowa struktura spodni czyni je bardzo delikatnymi i przyjemnymi w dotyku. Szary\u00a0kolor spodni jest uniwersalny i pasuje zar\u00f3wno w ch\u0142odniejsze, jak i cieplejsze dni. Dodatkowo ich melan\u017cowy odcie\u0144, to jeden z najwi\u0119kszych hit\u00f3w tego sezonu.<\/span><\/p>\n","protected":false},"excerpt":{"rendered":"<p>\u2299 dwie kieszenie z przodu<br \/>\n\u2299\u00a0 wewn\u0119trzny nadruk w tukany<br \/>\n\u2299 100% bawe\u0142na<\/p>\n<p>&nbsp;<\/p>\n","protected":false},"featured_media":7740,"comment_status":"closed","ping_status":"closed","template":"","meta":{"_acf_changed":false},"product_brand":[],"product_cat":[1303,2207],"product_tag":[2598,2600,2602],"class_list":{"0":"post-7759","1":"product","2":"type-product","3":"status-publish","4":"has-post-thumbnail","6":"product_cat-spodnie","7":"product_cat-wyprzedaz","8":"product_tag-surf-clothing-pl","9":"product_tag-surf-sweatpants-pl","10":"product_tag-womens-surf-clothing-pl","12":"first","13":"outofstock","14":"shipping-taxable","15":"purchasable","16":"product-type-variable"},"acf":[],"_links":{"self":[{"href":"https:\/\/evokaii.com\/pl\/wp-json\/wp\/v2\/product\/7759","targetHints":{"allow":["GET"]}}],"collection":[{"href":"https:\/\/evokaii.com\/pl\/wp-json\/wp\/v2\/product"}],"about":[{"href":"https:\/\/evokaii.com\/pl\/wp-json\/wp\/v2\/types\/product"}],"replies":[{"embeddable":true,"href":"https:\/\/evokaii.com\/pl\/wp-json\/wp\/v2\/comments?post=7759"}],"wp:featuredmedia":[{"embeddable":true,"href":"https:\/\/evokaii.com\/pl\/wp-json\/wp\/v2\/media\/7740"}],"wp:attachment":[{"href":"https:\/\/evokaii.com\/pl\/wp-json\/wp\/v2\/media?parent=7759"}],"wp:term":[{"taxonomy":"product_brand","embeddable":true,"href":"https:\/\/evokaii.com\/pl\/wp-json\/wp\/v2\/product_brand?post=7759"},{"taxonomy":"product_cat","embeddable":true,"href":"https:\/\/evokaii.com\/pl\/wp-json\/wp\/v2\/product_cat?post=7759"},{"taxonomy":"product_tag","embeddable":true,"href":"https:\/\/evokaii.com\/pl\/wp-json\/wp\/v2\/product_tag?post=7759"}],"curies":[{"name":"wp","href":"https:\/\/api.w.org\/{rel}","templated":true}]}}